{"id":237,"date":"2024-08-16T13:28:42","date_gmt":"2024-08-16T13:28:42","guid":{"rendered":"https:\/\/ryckspiel.kistehgw.de\/?page_id=237"},"modified":"2024-10-02T00:32:42","modified_gmt":"2024-10-01T23:32:42","slug":"allgemeine-geschaeftsbedingungen","status":"publish","type":"page","link":"https:\/\/ryckspiel.kistehgw.de\/index.php\/allgemeine-geschaeftsbedingungen\/","title":{"rendered":"Allgemeine Gesch\u00e4ftsbedingungen f\u00fcr den Verkauf von Tickets"},"content":{"rendered":"\n<p><\/p>\n\n\n\n<h2 class=\"wp-block-heading\">1. <strong>Geltungsbereich<\/strong><\/h2>\n\n\n\n<p>Diese Allgemeinen Gesch\u00e4ftsbedingungen (AGB) gelten f\u00fcr alle Vertr\u00e4ge, die \u00fcber den Online-Shop von Kiste e.V., Makarenkostra\u00dfe 49, 17491 Greifswald, E-Mail: vorstand@kistehgw.de, abgeschlossen werden. Der Verkauf erfolgt ausschlie\u00dflich f\u00fcr digitale Tickets zu Veranstaltungen.<\/p>\n\n\n\n<h2 class=\"wp-block-heading\">2. <strong>Vertragspartner<\/strong><\/h2>\n\n\n\n<p>Der Kaufvertrag kommt zustande zwischen dem Kunden und Kiste e.V., Makarenkostra\u00dfe 49, 17491 Greifswald. Weitere Informationen zum Unternehmen finden sich im Impressum.<\/p>\n\n\n\n<h2 class=\"wp-block-heading\">3. <strong>Vertragsabschluss<\/strong><\/h2>\n\n\n\n<p>Durch das Einstellen von digitalen Tickets in den Onlineshop geben wir ein verbindliches Angebot zum Abschluss eines Vertrages \u00fcber diese Artikel ab. Der Kunde kann die Tickets in den Warenkorb legen und durch Anklicken des \u201eKostenpflichtig bestellen\u201c-Buttons eine verbindliche Bestellung der im Warenkorb enthaltenen Artikel abgeben. Die Best\u00e4tigung des Eingangs der Bestellung erfolgt unmittelbar nach dem Absenden der Bestellung. Der Kaufvertrag kommt zustande, sobald der Kunde eine Bestellbest\u00e4tigung per E-Mail erh\u00e4lt.<\/p>\n\n\n\n<h2 class=\"wp-block-heading\">4. <strong>Preise und Zahlungsbedingungen<\/strong><\/h2>\n\n\n\n<p>Alle im Onlineshop angegebenen Preise verstehen sich inklusive der jeweils g\u00fcltigen gesetzlichen Mehrwertsteuer. Die Bezahlung erfolgt per direkter Bank\u00fcberweisung oder PayPal. Die Zahlung ist mit Abschluss des Kaufvertrages sofort f\u00e4llig.<\/p>\n\n\n\n<h3 class=\"wp-block-heading\"><strong>Zahlung via PayPal<\/strong><\/h3>\n\n\n\n<p>Wenn der Kunde PayPal als Zahlungsmethode w\u00e4hlt, erfolgt die Abwicklung der Zahlung \u00fcber das PayPal-Konto des Kunden. PayPal ist ein Online-Zahlungsdienstleister der PayPal (Europe) S.\u00e0 r.l. et Cie, S.C.A., 22-24 Boulevard Royal, L-2449 Luxemburg. Der Kunde muss sich gegebenenfalls mit seinen PayPal-Zugangsdaten anmelden bzw. registrieren, um die Zahlung autorisieren zu k\u00f6nnen. Die Belastung des PayPal-Kontos erfolgt unmittelbar nach Abschluss des Bestellvorgangs.<\/p>\n\n\n\n<p>Weitere Informationen zu den PayPal-Zahlungsbedingungen finden Sie unter: <a>https:\/\/www.paypal.com\/de\/webapps\/mpp\/ua\/useragreement-full<\/a>.<\/p>\n\n\n\n<h3 class=\"wp-block-heading\"><strong>Haftung bei Zahlungsabwicklung<\/strong><\/h3>\n\n\n\n<p>Wir haften nicht f\u00fcr technische Fehler oder andere St\u00f6rungen im Zahlungsverkehr, die auf PayPal zur\u00fcckzuf\u00fchren sind. Im Falle von Problemen bei der Zahlung \u00fcber PayPal wenden Sie sich bitte an den PayPal-Kundensupport.<\/p>\n\n\n\n<h2 class=\"wp-block-heading\">5. <strong>Bereitstellung und Lieferung der Tickets<\/strong><\/h2>\n\n\n\n<p>Die Rechnung wird dem Kunden nach erfolgreicher Zahlung per E-Mail an die angegebene E-Mail-Adresse zugesendet. Alternativ kann der Kunde diese Rechnung nach dem Kauf direkt \u00fcber sein Benutzerkonto herunterladen. Es obliegt dem Kunden sicherzustellen, dass eine korrekte E-Mail-Adresse angegeben wird und der E-Mail-Empfang gew\u00e4hrleistet ist. Das Ticket erh\u00e4lt der Kunde am Einlass gegen Vorlage der Rechnung.<\/p>\n\n\n\n<h2 class=\"wp-block-heading\">6. <strong>Widerrufsrecht<\/strong><\/h2>\n\n\n\n<p>Ein <strong>Widerrufsrecht<\/strong> besteht <strong>nicht<\/strong>, da es sich bei den angebotenen Tickets um digitale Produkte handelt, die zur Nutzung einer festgelegten Veranstaltung berechtigen. Die Ausnahme vom Widerrufsrecht f\u00fcr den Verkauf von Tickets zu festgelegten Terminen ergibt sich aus \u00a7 312g Abs. 2 Nr. 9 BGB.<\/p>\n\n\n\n<h2 class=\"wp-block-heading\">7. <strong>\u00dcbertragbarkeit und Nutzung der Tickets<\/strong><\/h2>\n\n\n\n<p>Die digitalen Tickets sind in der Regel personalisiert und nur f\u00fcr den K\u00e4ufer oder die Person, deren Name beim Kauf angegeben wurde, g\u00fcltig. Die Weitergabe oder der Weiterverkauf der Tickets an Dritte ist ohne unsere vorherige schriftliche Zustimmung nicht gestattet.<\/p>\n\n\n\n<h2 class=\"wp-block-heading\">8. <strong>\u00c4nderungen und Absage der Veranstaltung<\/strong><\/h2>\n\n\n\n<p>Wir behalten uns das Recht vor, \u00c4nderungen an der Veranstaltung vorzunehmen (z. B. Termin- oder Orts\u00e4nderungen), sofern dies notwendig ist. Im Falle einer vollst\u00e4ndigen Absage der Veranstaltung werden dem Kunden die gezahlten Ticketpreise erstattet. Weitere Anspr\u00fcche bestehen nicht.<\/p>\n\n\n\n<h2 class=\"wp-block-heading\">9. <strong>Haftung<\/strong><\/h2>\n\n\n\n<p>Unsere Haftung ist auf Vorsatz und grobe Fahrl\u00e4ssigkeit beschr\u00e4nkt. F\u00fcr einfache Fahrl\u00e4ssigkeit haften wir nur bei der Verletzung wesentlicher Vertragspflichten, deren Erf\u00fcllung die ordnungsgem\u00e4\u00dfe Durchf\u00fchrung des Vertrages \u00fcberhaupt erst erm\u00f6glicht und auf deren Einhaltung der Vertragspartner regelm\u00e4\u00dfig vertrauen darf. F\u00fcr technische St\u00f6rungen, die au\u00dferhalb unseres Einflussbereichs liegen, \u00fcbernehmen wir keine Haftung.<\/p>\n\n\n\n<h2 class=\"wp-block-heading\">10. <strong>Veranstaltungsbedingungen<\/strong><\/h2>\n\n\n\n<p>Die Teilnahme an der Veranstaltung unterliegt den Bestimmungen des Veranstalters. Der Kunde verpflichtet sich, die Teilnahmebedingungen des Veranstalters zu akzeptieren. Im Falle von Verst\u00f6\u00dfen gegen die Bedingungen kann der Veranstalter den Zutritt zur Veranstaltung verweigern, ohne dass ein Anspruch auf R\u00fcckerstattung besteht.<\/p>\n\n\n\n<h2 class=\"wp-block-heading\">11. <strong>Datenschutz<\/strong><\/h2>\n\n\n\n<p>F\u00fcr die Abwicklung des Vertrages ist die Erhebung, Speicherung und Verarbeitung personenbezogener Daten notwendig. Weitere Informationen zum Umgang mit personenbezogenen Daten sind in unserer <a href=\"https:\/\/ryckspiel.kistehgw.de\/index.php\/datenschutzerklaerung\/\" data-type=\"page\" data-id=\"340\">Datenschutzerkl\u00e4rung <\/a>einsehbar.<\/p>\n\n\n\n<h2 class=\"wp-block-heading\">12. <strong>Anwendbares Recht und Gerichtsstand<\/strong><\/h2>\n\n\n\n<p>Es gilt das Recht der Bundesrepublik Deutschland unter Ausschluss des UN-Kaufrechts. F\u00fcr Verbraucher gilt diese Rechtswahl nur, soweit dadurch keine zwingenden gesetzlichen Bestimmungen des Staates, in dem der Verbraucher seinen gew\u00f6hnlichen Aufenthalt hat, eingeschr\u00e4nkt werden. Gerichtsstand f\u00fcr alle Streitigkeiten aus diesem Vertragsverh\u00e4ltnis ist, soweit gesetzlich zul\u00e4ssig, der Sitz unseres Unternehmens.<\/p>\n\n\n\n<h2 class=\"wp-block-heading\">13. <strong>Schlussbestimmungen<\/strong><\/h2>\n\n\n\n<p>Sollten einzelne Bestimmungen dieser AGB unwirksam sein, so bleibt der Vertrag im \u00dcbrigen wirksam. Die unwirksame Bestimmung wird durch die einschl\u00e4gige gesetzliche Regelung ersetzt.<\/p>\n","protected":false},"excerpt":{"rendered":"<p>1. Geltungsbereich Diese Allgemeinen Gesch\u00e4ftsbedingungen (AGB) gelten f\u00fcr alle Vertr\u00e4ge, die \u00fcber den Online-Shop von Kiste e.V., Makarenkostra\u00dfe 49, 17491 Greifswald, E-Mail: vorstand@kistehgw.de, abgeschlossen werden. Der Verkauf erfolgt ausschlie\u00dflich f\u00fcr digitale Tickets zu Veranstaltungen. 2. Vertragspartner Der Kaufvertrag kommt zustande zwischen dem Kunden und Kiste e.V., Makarenkostra\u00dfe 49, 17491 Greifswald. Weitere Informationen zum Unternehmen finden [&hellip;]<\/p>\n","protected":false},"author":2,"featured_media":0,"parent":0,"menu_order":0,"comment_status":"closed","ping_status":"closed","template":"","meta":{"footnotes":""},"class_list":["post-237","page","type-page","status-publish","hentry"],"_links":{"self":[{"href":"https:\/\/ryckspiel.kistehgw.de\/index.php\/wp-json\/wp\/v2\/pages\/237","targetHints":{"allow":["GET"]}}],"collection":[{"href":"https:\/\/ryckspiel.kistehgw.de\/index.php\/wp-json\/wp\/v2\/pages"}],"about":[{"href":"https:\/\/ryckspiel.kistehgw.de\/index.php\/wp-json\/wp\/v2\/types\/page"}],"author":[{"embeddable":true,"href":"https:\/\/ryckspiel.kistehgw.de\/index.php\/wp-json\/wp\/v2\/users\/2"}],"replies":[{"embeddable":true,"href":"https:\/\/ryckspiel.kistehgw.de\/index.php\/wp-json\/wp\/v2\/comments?post=237"}],"version-history":[{"count":5,"href":"https:\/\/ryckspiel.kistehgw.de\/index.php\/wp-json\/wp\/v2\/pages\/237\/revisions"}],"predecessor-version":[{"id":375,"href":"https:\/\/ryckspiel.kistehgw.de\/index.php\/wp-json\/wp\/v2\/pages\/237\/revisions\/375"}],"wp:attachment":[{"href":"https:\/\/ryckspiel.kistehgw.de\/index.php\/wp-json\/wp\/v2\/media?parent=237"}],"curies":[{"name":"wp","href":"https:\/\/api.w.org\/{rel}","templated":true}]}}