{"id":40,"date":"2024-07-25T19:53:49","date_gmt":"2024-07-25T19:53:49","guid":{"rendered":"https:\/\/ryckspiel.kistehgw.de\/wordpress\/?page_id=40"},"modified":"2025-08-05T17:36:39","modified_gmt":"2025-08-05T16:36:39","slug":"rundenanmeldung","status":"publish","type":"page","link":"https:\/\/ryckspiel.kistehgw.de\/index.php\/rundenanmeldung\/","title":{"rendered":"Rundenanmeldung"},"content":{"rendered":"\n<h3 class=\"wp-block-heading has-text-align-center\">Wie erstelle ich eine Runde?<\/h3>\n\n\n\n<div class=\"wp-block-columns is-layout-flex wp-container-core-columns-is-layout-28f84493 wp-block-columns-is-layout-flex\">\n<div class=\"wp-block-column is-layout-flow wp-block-column-is-layout-flow\" style=\"flex-basis:33.33%\">\n<div class=\"wp-block-cover aligncenter is-light has-custom-content-position is-position-top-center\" style=\"min-height:116px;aspect-ratio:unset;\"><img loading=\"lazy\" decoding=\"async\" width=\"131\" height=\"61\" class=\"wp-block-cover__image-background wp-image-633 size-full\" alt=\"\" src=\"https:\/\/ryckspiel.kistehgw.de\/wordpress\/wp-content\/uploads\/2025\/07\/Screenshot-2025-07-21-232803.jpg\" data-object-fit=\"cover\"\/><span aria-hidden=\"true\" class=\"wp-block-cover__background has-background-dim-10 has-background-dim\" style=\"background-color:#c9c5ba\"><\/span><div class=\"wp-block-cover__inner-container is-layout-flow wp-block-cover-is-layout-flow\">\n<p class=\"has-text-align-center has-medium-font-size\">Konto Icon<\/p>\n<\/div><\/div>\n<\/div>\n\n\n\n<div class=\"wp-block-column is-layout-flow wp-block-column-is-layout-flow\" style=\"flex-basis:66.66%\">\n<p>Bevor ihr Spielrunden eintragen k\u00f6nnt, m\u00fcsst ihr ein Konto erstellen. Dies k\u00f6nnt ihr entweder \u00fcber das Symbol oben rechts oder durch den Kauf eines Tickets tun. Das dabei erstellte Kundenkonto funktioniert auch f\u00fcr das Formular. <\/p>\n<\/div>\n<\/div>\n\n\n\n<p><strong>Wir m\u00fcssen die Runden erst freischalten, bevor sie in den Bl\u00f6cken sichtbar sind.<\/strong><\/p>\n\n\n\n<figure class=\"wp-block-table\"><table class=\"has-fixed-layout\"><tbody><tr><td class=\"has-text-align-center\" data-align=\"center\"><strong>Freitag<\/strong><\/td><td class=\"has-text-align-center\" data-align=\"center\"><strong>Samstag<\/strong><\/td><td class=\"has-text-align-center\" data-align=\"center\"><strong>Sonntag<\/strong><\/td><\/tr><tr><td class=\"has-text-align-center\" data-align=\"center\"><strong>Block 1<\/strong><br>ab 19:00 Uhr<\/td><td class=\"has-text-align-center\" data-align=\"center\"><strong>Block 2<\/strong><br>10:00-16:00 Uhr<\/td><td class=\"has-text-align-center\" data-align=\"center\"><strong>Block 5<\/strong><br>ab 10:00 Uhr<\/td><\/tr><tr><td class=\"has-text-align-center\" data-align=\"center\"><\/td><td class=\"has-text-align-center\" data-align=\"center\"><strong>Block 3<\/strong><br>17:00-22:00 Uhr<\/td><td class=\"has-text-align-center\" data-align=\"center\"><\/td><\/tr><tr><td class=\"has-text-align-center\" data-align=\"center\"><\/td><td class=\"has-text-align-center\" data-align=\"center\"><strong>Block 4<\/strong><br>ab 23:00 Uhr<\/td><td class=\"has-text-align-center\" data-align=\"center\"><\/td><\/tr><\/tbody><\/table><\/figure>\n\n\n<p>Bitte <a href=\"https:\/\/ryckspiel.kistehgw.de\/wordpress\/wp-login.php\">einloggen<\/a> Inhalte einreichen!<\/p>\n\n\n\n<hr class=\"wp-block-separator has-alpha-channel-opacity is-style-wide\" style=\"margin-top:var(--wp--preset--spacing--20);margin-bottom:var(--wp--preset--spacing--20)\"\/>\n\n\n\n<h3 class=\"wp-block-heading has-text-align-center\">Rundenanmeldung \u00fcber Discord<\/h3>\n\n\n\n<p>Ihr k\u00f6nnt eure Runden auch auf unserem Discord-Server anmelden! Hierf\u00fcr verwendet Ihr bitte das Discord-Forum mit dem Namen &#8222;con-rundenanmeldung&#8220;.<\/p>\n\n\n\n<p>Erstellt einfach einen Post mit folgenden Informationen:&nbsp;<\/p>\n\n\n\n<p>Spielleiter:<\/p>\n\n\n\n<p>Spieleranzahl:<\/p>\n\n\n\n<p>Uhrzeit &amp; Datum (Block):<\/p>\n\n\n\n<p>Spielsystem:<\/p>\n\n\n\n<p>Beschreibung:<\/p>\n\n\n\n<p>Triggerwarnungen:<\/p>\n\n\n\n<p>Es reicht, wenn Ihr die Runden an einem Ort eintragt! Wir kopieren sie dann auf die Website oder auf Discord.\u00a0<\/p>\n\n\n\n<hr class=\"wp-block-separator has-alpha-channel-opacity is-style-wide\"\/>\n\n\n\n<h3 class=\"wp-block-heading has-text-align-center\">PDF-Formular Rundenanmeldung<\/h3>\n\n\n\n<p>Hier findet ihr ein PDF-Formular zur Rundenanmeldung. Wenn ihr im Voraus Spielrunden als Reserve planen m\u00f6chtet, k\u00f6nnt ihr ein ausgef\u00fclltes Formular mitbringen. Bitte nutzt nach M\u00f6glichkeit die Online-Anmeldung, damit alle Teilnehmer die Runden im Voraus einsehen k\u00f6nnen. Sollte es Schwierigkeiten mit der Rundenanmeldung auf der Website geben, k\u00f6nnt ihr uns das ausgef\u00fcllte Formular per E-Mail zusenden, und wir tragen die Runde dann auf der Website ein.<\/p>\n\n\n\n<div class=\"wp-block-file\"><a id=\"wp-block-file--media-cc2d55b3-0387-431e-95e1-e28c30a78ad2\" href=\"https:\/\/ryckspiel.kistehgw.de\/wordpress\/wp-content\/uploads\/2024\/08\/formular-1.pdf\">formular-1<\/a><a href=\"https:\/\/ryckspiel.kistehgw.de\/wordpress\/wp-content\/uploads\/2024\/08\/formular-1.pdf\" class=\"wp-block-file__button wp-element-button\" download aria-describedby=\"wp-block-file--media-cc2d55b3-0387-431e-95e1-e28c30a78ad2\">Herunterladen<\/a><\/div>\n\n\n\n<p><\/p>\n","protected":false},"excerpt":{"rendered":"<p>Wie erstelle ich eine Runde? Bevor ihr Spielrunden eintragen k\u00f6nnt, m\u00fcsst ihr ein Konto erstellen. Dies k\u00f6nnt ihr entweder \u00fcber das Symbol oben rechts oder durch den Kauf eines Tickets tun. Das dabei erstellte Kundenkonto funktioniert auch f\u00fcr das Formular. Wir m\u00fcssen die Runden erst freischalten, bevor sie in den Bl\u00f6cken sichtbar sind. Freitag Samstag [&hellip;]<\/p>\n","protected":false},"author":2,"featured_media":0,"parent":0,"menu_order":0,"comment_status":"closed","ping_status":"closed","template":"","meta":{"footnotes":""},"class_list":["post-40","page","type-page","status-publish","hentry"],"_links":{"self":[{"href":"https:\/\/ryckspiel.kistehgw.de\/index.php\/wp-json\/wp\/v2\/pages\/40","targetHints":{"allow":["GET"]}}],"collection":[{"href":"https:\/\/ryckspiel.kistehgw.de\/index.php\/wp-json\/wp\/v2\/pages"}],"about":[{"href":"https:\/\/ryckspiel.kistehgw.de\/index.php\/wp-json\/wp\/v2\/types\/page"}],"author":[{"embeddable":true,"href":"https:\/\/ryckspiel.kistehgw.de\/index.php\/wp-json\/wp\/v2\/users\/2"}],"replies":[{"embeddable":true,"href":"https:\/\/ryckspiel.kistehgw.de\/index.php\/wp-json\/wp\/v2\/comments?post=40"}],"version-history":[{"count":13,"href":"https:\/\/ryckspiel.kistehgw.de\/index.php\/wp-json\/wp\/v2\/pages\/40\/revisions"}],"predecessor-version":[{"id":645,"href":"https:\/\/ryckspiel.kistehgw.de\/index.php\/wp-json\/wp\/v2\/pages\/40\/revisions\/645"}],"wp:attachment":[{"href":"https:\/\/ryckspiel.kistehgw.de\/index.php\/wp-json\/wp\/v2\/media?parent=40"}],"curies":[{"name":"wp","href":"https:\/\/api.w.org\/{rel}","templated":true}]}}