{"id":47,"date":"2024-07-25T19:53:49","date_gmt":"2024-07-25T19:53:49","guid":{"rendered":"https:\/\/ryckspiel.kistehgw.de\/wordpress\/?page_id=47"},"modified":"2024-10-17T17:42:10","modified_gmt":"2024-10-17T16:42:10","slug":"ueber-uns","status":"publish","type":"page","link":"https:\/\/ryckspiel.kistehgw.de\/index.php\/ueber-uns\/","title":{"rendered":"\u00dcber uns"},"content":{"rendered":"\n<figure class=\"wp-block-image aligncenter size-large is-resized\"><img loading=\"lazy\" decoding=\"async\" width=\"867\" height=\"1024\" src=\"https:\/\/ryckspiel.kistehgw.de\/wordpress\/wp-content\/uploads\/2024\/07\/logo-867x1024.png\" alt=\"\" class=\"wp-image-48\" style=\"width:329px;height:auto\" srcset=\"https:\/\/ryckspiel.kistehgw.de\/wordpress\/wp-content\/uploads\/2024\/07\/logo-867x1024.png 867w, https:\/\/ryckspiel.kistehgw.de\/wordpress\/wp-content\/uploads\/2024\/07\/logo-254x300.png 254w, https:\/\/ryckspiel.kistehgw.de\/wordpress\/wp-content\/uploads\/2024\/07\/logo-768x907.png 768w, https:\/\/ryckspiel.kistehgw.de\/wordpress\/wp-content\/uploads\/2024\/07\/logo.png 1047w\" sizes=\"auto, (max-width: 867px) 100vw, 867px\" \/><\/figure>\n\n\n\n<h2 class=\"wp-block-heading\">Wir sind Ryck Spiel<\/h2>\n\n\n\n<p>RyckSpiel ist Teil des Studentenclubs Kiste e.V. in Greifswald und bietet seit 2018 regelm\u00e4\u00dfig Rollenspielrunden f\u00fcr die Greifswalder Rollenspielcommunity an. Mit unserem monatlichen Event \u201eSpielkiste\u201c und der j\u00e4hrlichen Rollenspiel-Convention \u201eRyckSpiel\u201c schaffen wir Raum f\u00fcr alle, die sich f\u00fcr Pen and Paper-Rollenspiele begeistern.<\/p>\n\n\n\n<p>Unsere Veranstaltungen stehen allen offen, unabh\u00e4ngig von Alter, Beruf oder Herkunft. Uns ist es besonders wichtig, eine famili\u00e4re Atmosph\u00e4re zu schaffen, in der sich jeder wohlf\u00fchlen kann. Werdet Teil unserer Rollenspielfamilie und erlebt gemeinsam mit uns spannende Abenteuer!<\/p>\n\n\n\n<p><strong>Was ist Rollenspiel \/ Pen and Paper?<\/strong><br>Pen and Paper-Rollenspiele sind kollaborative Geschichten, die von einer Gruppe von Spielern und einem Spielleiter gemeinsam entwickelt werden. Mit W\u00fcrfeln, Stift und Papier (daher der Name) schl\u00fcpfen die Spieler in die Rollen von fiktiven Charakteren, die Herausforderungen meistern, R\u00e4tsel l\u00f6sen und Abenteuer erleben. Alles, was passiert, wird durch die Vorstellungskraft der Spieler zum Leben erweckt, w\u00e4hrend der Spielleiter die Welt beschreibt und die Regeln \u00fcberwacht.<\/p>\n\n\n\n<p>Auch Neueinsteiger sind bei uns immer willkommen! Schaut gerne vorbei \u2013 ob erfahrene Rollenspieler oder komplette Neulinge. Ihr findet uns auch auf Social Media und Discord:<\/p>\n\n\n\n<ul class=\"wp-block-list\">\n<li><a href=\"https:\/\/www.instagram.com\/ryckspiel\/\">Instagram<\/a><\/li>\n\n\n\n<li><a href=\"https:\/\/www.facebook.com\/Ryckspiel\/?locale=de_DE\">Facebook<\/a><\/li>\n\n\n\n<li><a href=\"https:\/\/discord.gg\/hQ763Z7Nn4\">Discord<\/a><\/li>\n<\/ul>\n\n\n\n<p><\/p>\n\n\n\n<p><\/p>\n","protected":false},"excerpt":{"rendered":"<p>Wir sind Ryck Spiel RyckSpiel ist Teil des Studentenclubs Kiste e.V. in Greifswald und bietet seit 2018 regelm\u00e4\u00dfig Rollenspielrunden f\u00fcr die Greifswalder Rollenspielcommunity an. Mit unserem monatlichen Event \u201eSpielkiste\u201c und der j\u00e4hrlichen Rollenspiel-Convention \u201eRyckSpiel\u201c schaffen wir Raum f\u00fcr alle, die sich f\u00fcr Pen and Paper-Rollenspiele begeistern. Unsere Veranstaltungen stehen allen offen, unabh\u00e4ngig von Alter, Beruf [&hellip;]<\/p>\n","protected":false},"author":2,"featured_media":0,"parent":0,"menu_order":0,"comment_status":"closed","ping_status":"closed","template":"","meta":{"footnotes":""},"class_list":["post-47","page","type-page","status-publish","hentry"],"_links":{"self":[{"href":"https:\/\/ryckspiel.kistehgw.de\/index.php\/wp-json\/wp\/v2\/pages\/47","targetHints":{"allow":["GET"]}}],"collection":[{"href":"https:\/\/ryckspiel.kistehgw.de\/index.php\/wp-json\/wp\/v2\/pages"}],"about":[{"href":"https:\/\/ryckspiel.kistehgw.de\/index.php\/wp-json\/wp\/v2\/types\/page"}],"author":[{"embeddable":true,"href":"https:\/\/ryckspiel.kistehgw.de\/index.php\/wp-json\/wp\/v2\/users\/2"}],"replies":[{"embeddable":true,"href":"https:\/\/ryckspiel.kistehgw.de\/index.php\/wp-json\/wp\/v2\/comments?post=47"}],"version-history":[{"count":4,"href":"https:\/\/ryckspiel.kistehgw.de\/index.php\/wp-json\/wp\/v2\/pages\/47\/revisions"}],"predecessor-version":[{"id":471,"href":"https:\/\/ryckspiel.kistehgw.de\/index.php\/wp-json\/wp\/v2\/pages\/47\/revisions\/471"}],"wp:attachment":[{"href":"https:\/\/ryckspiel.kistehgw.de\/index.php\/wp-json\/wp\/v2\/media?parent=47"}],"curies":[{"name":"wp","href":"https:\/\/api.w.org\/{rel}","templated":true}]}}