{"id":386,"date":"2024-10-02T18:13:52","date_gmt":"2024-10-02T17:13:52","guid":{"rendered":"https:\/\/ryckspiel.kistehgw.de\/?post_type=product&#038;p=386"},"modified":"2026-05-02T21:27:55","modified_gmt":"2026-05-02T20:27:55","slug":"ticket-zur-ryck-spiel-rollenspiel-convention-sep-2026","status":"publish","type":"product","link":"https:\/\/ryckspiel.kistehgw.de\/index.php\/produkt\/ticket-zur-ryck-spiel-rollenspiel-convention-sep-2026\/","title":{"rendered":"Ticket zur Ryck Spiel Pen &#038; Paper &#8211; Convention 11.-13. Sep. 2026"},"content":{"rendered":"<p>Vom 11. bis 13. September 2026 \u00f6ffnet die Ryck Spiel Pen &amp; Paper &#8211; Convention 2026 ihre Tore f\u00fcr ein unvergessliches Wochenende voller Abenteuer, Kreativit\u00e4t und Gemeinschaft. Dieses Ticket ist euer Schl\u00fcssel zu einer Welt voller epischer Storys, spannender K\u00e4mpfe und toller G\u00e4ste.<\/p>\n<p><strong>Ticketoptionen:<\/strong><\/p>\n<ul>\n<li><strong>Allgemeiner Eintritt:<\/strong> Zugang zu allen Bereichen der Convention 11 \u20ac Fr.-So. ( Tageskarte 7 \u20ac).<\/li>\n<li><strong>Kaffee und Tee Flatrate: <\/strong>Unlimitiert Kaffee und Tee w\u00e4hrend der Veranstaltung (+7,00 \u20ac)<\/li>\n<li><strong>Tasse:\u00a0<\/strong>Tasse mit dem Ryck Spiel 2026 Motiv (+ 8,00 \u20ac)<\/li>\n<\/ul>\n<p><strong>Veranstaltungsdetails:<\/strong><\/p>\n<ul>\n<li><strong>Datum:<\/strong> 11.-13. November 2026<\/li>\n<li><strong>Ort:<\/strong> Studentenclub Kiste e.V., Makarenkostra\u00dfe 49, 17491 Greifswald<\/li>\n<li><a href=\"https:\/\/ryckspiel.kistehgw.de\/index.php\/kontakt\/\"><strong>Kontakt<\/strong><\/a><\/li>\n<li><strong>Soziale Medien:<\/strong> Folgen uns auf Discord <a href=\"https:\/\/discord.gg\/hQ763Z7Nn4\">https:\/\/discord.gg\/hQ763Z7Nn4 <\/a>und Instagram <a href=\"https:\/\/www.instagram.com\/ryckspiel\/\">@ryckspiel<\/a> f\u00fcr aktuelle Updates und exklusive Einblicke.<\/li>\n<\/ul>\n","protected":false},"excerpt":{"rendered":"<p>Ticket zur Ryck Spiel Rollenspiel-Convention 2024<\/p>\n","protected":false},"featured_media":777,"template":"","meta":[],"product_brand":[],"product_cat":[26],"product_tag":[],"class_list":{"0":"post-386","1":"product","2":"type-product","3":"status-publish","4":"has-post-thumbnail","6":"product_cat-tickets","8":"first","9":"instock","10":"taxable","11":"shipping-taxable","12":"purchasable","13":"product-type-variable","14":"has-default-attributes"},"_links":{"self":[{"href":"https:\/\/ryckspiel.kistehgw.de\/index.php\/wp-json\/wp\/v2\/product\/386","targetHints":{"allow":["GET"]}}],"collection":[{"href":"https:\/\/ryckspiel.kistehgw.de\/index.php\/wp-json\/wp\/v2\/product"}],"about":[{"href":"https:\/\/ryckspiel.kistehgw.de\/index.php\/wp-json\/wp\/v2\/types\/product"}],"wp:featuredmedia":[{"embeddable":true,"href":"https:\/\/ryckspiel.kistehgw.de\/index.php\/wp-json\/wp\/v2\/media\/777"}],"wp:attachment":[{"href":"https:\/\/ryckspiel.kistehgw.de\/index.php\/wp-json\/wp\/v2\/media?parent=386"}],"wp:term":[{"taxonomy":"product_brand","embeddable":true,"href":"https:\/\/ryckspiel.kistehgw.de\/index.php\/wp-json\/wp\/v2\/product_brand?post=386"},{"taxonomy":"product_cat","embeddable":true,"href":"https:\/\/ryckspiel.kistehgw.de\/index.php\/wp-json\/wp\/v2\/product_cat?post=386"},{"taxonomy":"product_tag","embeddable":true,"href":"https:\/\/ryckspiel.kistehgw.de\/index.php\/wp-json\/wp\/v2\/product_tag?post=386"}],"curies":[{"name":"wp","href":"https:\/\/api.w.org\/{rel}","templated":true}]}}